{"id":83,"date":"2026-04-15T14:58:29","date_gmt":"2026-04-15T14:58:29","guid":{"rendered":"https:\/\/igomez.santcugatesn.com\/?page_id=83"},"modified":"2026-04-16T15:56:36","modified_gmt":"2026-04-16T15:56:36","slug":"sobre-nosotros","status":"publish","type":"page","link":"https:\/\/igomez.santcugatesn.com\/?page_id=83","title":{"rendered":"Sobre nosotros"},"content":{"rendered":"\t\t<div data-elementor-type=\"wp-page\" data-elementor-id=\"83\" class=\"elementor elementor-83\">\n\t\t\t\t<div class=\"elementor-element elementor-element-36fcc802 e-flex e-con-boxed e-con e-parent\" data-id=\"36fcc802\" data-element_type=\"container\" data-e-type=\"container\" data-settings=\"{&quot;background_background&quot;:&quot;classic&quot;}\">\n\t\t\t\t\t<div class=\"e-con-inner\">\n\t\t\t\t<div class=\"elementor-element elementor-element-7cb3d2a8 elementor-widget elementor-widget-heading\" data-id=\"7cb3d2a8\" data-element_type=\"widget\" data-e-type=\"widget\" data-widget_type=\"heading.default\">\n\t\t\t\t\t<h3 class=\"elementor-heading-title elementor-size-default\">Donde el deporte se convierte en imagen<\/h3>\t\t\t\t<\/div>\n\t\t\t\t<div class=\"elementor-element elementor-element-4b3e6293 elementor-widget elementor-widget-text-editor\" data-id=\"4b3e6293\" data-element_type=\"widget\" data-e-type=\"widget\" data-widget_type=\"text-editor.default\">\n\t\t\t\t\t\t\t\t\t<p>Unimos creatividad, t\u00e9cnica y pasi\u00f3n por el deporte para construir historias visuales que conecten.<\/p>\t\t\t\t\t\t\t\t<\/div>\n\t\t\t\t\t<\/div>\n\t\t\t\t<\/div>\n\t\t<div class=\"elementor-element elementor-element-19bcf41 e-flex e-con-boxed e-con e-parent\" data-id=\"19bcf41\" data-element_type=\"container\" data-e-type=\"container\" data-settings=\"{&quot;background_background&quot;:&quot;classic&quot;}\">\n\t\t\t\t\t<div class=\"e-con-inner\">\n\t\t<div class=\"elementor-element elementor-element-6950b907 e-con-full e-flex e-con e-child\" data-id=\"6950b907\" data-element_type=\"container\" data-e-type=\"container\">\n\t\t<div class=\"elementor-element elementor-element-374d1fa4 e-con-full e-flex e-con e-child\" data-id=\"374d1fa4\" data-element_type=\"container\" data-e-type=\"container\">\n\t\t\t\t<div class=\"elementor-element elementor-element-7e8da9e8 elementor-widget elementor-widget-heading\" data-id=\"7e8da9e8\" data-element_type=\"widget\" data-e-type=\"widget\" data-widget_type=\"heading.default\">\n\t\t\t\t\t<h3 class=\"elementor-heading-title elementor-size-default\">nuestra visi\u00f3n<\/h3>\t\t\t\t<\/div>\n\t\t\t\t<div class=\"elementor-element elementor-element-47388d36 elementor-position-top elementor-widget elementor-widget-image-box\" data-id=\"47388d36\" data-element_type=\"widget\" data-e-type=\"widget\" data-widget_type=\"image-box.default\">\n\t\t\t\t\t<div class=\"elementor-image-box-wrapper\"><figure class=\"elementor-image-box-img\"><img fetchpriority=\"high\" decoding=\"async\" width=\"1920\" height=\"1280\" src=\"https:\/\/igomez.santcugatesn.com\/wp-content\/uploads\/2026\/04\/nbelokonskaya-boxing-6771969_1920.jpg\" class=\"attachment-full size-full wp-image-99\" alt=\"\" srcset=\"https:\/\/igomez.santcugatesn.com\/wp-content\/uploads\/2026\/04\/nbelokonskaya-boxing-6771969_1920.jpg 1920w, https:\/\/igomez.santcugatesn.com\/wp-content\/uploads\/2026\/04\/nbelokonskaya-boxing-6771969_1920-300x200.jpg 300w, https:\/\/igomez.santcugatesn.com\/wp-content\/uploads\/2026\/04\/nbelokonskaya-boxing-6771969_1920-1024x683.jpg 1024w, https:\/\/igomez.santcugatesn.com\/wp-content\/uploads\/2026\/04\/nbelokonskaya-boxing-6771969_1920-768x512.jpg 768w, https:\/\/igomez.santcugatesn.com\/wp-content\/uploads\/2026\/04\/nbelokonskaya-boxing-6771969_1920-1536x1024.jpg 1536w\" sizes=\"(max-width: 1920px) 100vw, 1920px\" \/><\/figure><div class=\"elementor-image-box-content\"><p class=\"elementor-image-box-description\">Creamos contenido que va m\u00e1s all\u00e1 de lo visual. Buscamos captar la esencia del deporte y transformarla en piezas que conectan con la audiencia y generan impacto real.<\/p><\/div><\/div>\t\t\t\t<\/div>\n\t\t\t\t<\/div>\n\t\t<div class=\"elementor-element elementor-element-251d0b4b e-con-full e-flex e-con e-child\" data-id=\"251d0b4b\" data-element_type=\"container\" data-e-type=\"container\">\n\t\t\t\t<div class=\"elementor-element elementor-element-14c777e6 elementor-widget elementor-widget-heading\" data-id=\"14c777e6\" data-element_type=\"widget\" data-e-type=\"widget\" data-widget_type=\"heading.default\">\n\t\t\t\t\t<h3 class=\"elementor-heading-title elementor-size-default\">Qu\u00e9 hacemos<\/h3>\t\t\t\t<\/div>\n\t\t\t\t<div class=\"elementor-element elementor-element-4101bc7d elementor-position-top elementor-widget elementor-widget-image-box\" data-id=\"4101bc7d\" data-element_type=\"widget\" data-e-type=\"widget\" data-widget_type=\"image-box.default\">\n\t\t\t\t\t<div class=\"elementor-image-box-wrapper\"><figure class=\"elementor-image-box-img\"><img decoding=\"async\" src=\"https:\/\/igomez.santcugatesn.com\/wp-content\/uploads\/elementor\/thumbs\/StockSnap_6O7JXC5DC5-rlzy6johrwhmd8srgcdvjy0qdgomgfyx12w0a430n4.jpg\" title=\"Contact\" alt=\"Contact\" loading=\"lazy\" \/><\/figure><div class=\"elementor-image-box-content\"><p class=\"elementor-image-box-description\">Producci\u00f3n audiovisual especializada en deporte: desde contenido para redes sociales hasta proyectos cinematogr\u00e1ficos, siempre con un enfoque estrat\u00e9gico y creativo.<\/p><\/div><\/div>\t\t\t\t<\/div>\n\t\t\t\t<\/div>\n\t\t<div class=\"elementor-element elementor-element-688ff4b3 e-con-full e-flex e-con e-child\" data-id=\"688ff4b3\" data-element_type=\"container\" data-e-type=\"container\">\n\t\t\t\t<div class=\"elementor-element elementor-element-4da9a9c1 elementor-widget elementor-widget-heading\" data-id=\"4da9a9c1\" data-element_type=\"widget\" data-e-type=\"widget\" data-widget_type=\"heading.default\">\n\t\t\t\t\t<h3 class=\"elementor-heading-title elementor-size-default\">compromiso<\/h3>\t\t\t\t<\/div>\n\t\t\t\t<div class=\"elementor-element elementor-element-58f00e7f elementor-position-top elementor-widget elementor-widget-image-box\" data-id=\"58f00e7f\" data-element_type=\"widget\" data-e-type=\"widget\" data-widget_type=\"image-box.default\">\n\t\t\t\t\t<div class=\"elementor-image-box-wrapper\"><figure class=\"elementor-image-box-img\"><img decoding=\"async\" width=\"736\" height=\"552\" src=\"https:\/\/igomez.santcugatesn.com\/wp-content\/uploads\/2026\/04\/usain-bolt.jpg\" class=\"attachment-medium_large size-medium_large wp-image-113\" alt=\"\" srcset=\"https:\/\/igomez.santcugatesn.com\/wp-content\/uploads\/2026\/04\/usain-bolt.jpg 736w, https:\/\/igomez.santcugatesn.com\/wp-content\/uploads\/2026\/04\/usain-bolt-300x225.jpg 300w\" sizes=\"(max-width: 736px) 100vw, 736px\" \/><\/figure><div class=\"elementor-image-box-content\"><p class=\"elementor-image-box-description\">Trabajamos con cada cliente como si fuera \u00fanico, cuidando cada detalle para ofrecer resultados que representen su marca al m\u00e1ximo nivel.<\/p><\/div><\/div>\t\t\t\t<\/div>\n\t\t\t\t<\/div>\n\t\t\t\t<\/div>\n\t\t\t\t\t<\/div>\n\t\t\t\t<\/div>\n\t\t<div class=\"elementor-element elementor-element-97f23a4 e-con-full e-flex e-con e-parent\" data-id=\"97f23a4\" data-element_type=\"container\" data-e-type=\"container\" data-settings=\"{&quot;background_background&quot;:&quot;classic&quot;}\">\n\t\t\t\t<\/div>\n\t\t\t\t<\/div>\n\t\t","protected":false},"excerpt":{"rendered":"<p>Donde el deporte se convierte en imagen Unimos creatividad, t\u00e9cnica y pasi\u00f3n por el deporte para construir historias visuales que [&hellip;]<\/p>\n","protected":false},"author":1,"featured_media":0,"parent":0,"menu_order":0,"comment_status":"closed","ping_status":"closed","template":"","meta":{"site-sidebar-layout":"no-sidebar","site-content-layout":"","ast-site-content-layout":"full-width-container","site-content-style":"default","site-sidebar-style":"default","ast-global-header-display":"","ast-banner-title-visibility":"","ast-main-header-display":"","ast-hfb-above-header-display":"","ast-hfb-below-header-display":"","ast-hfb-mobile-header-display":"","site-post-title":"","ast-breadcrumbs-content":"","ast-featured-img":"disabled","footer-sml-layout":"","ast-disable-related-posts":"","theme-transparent-header-meta":"","adv-header-id-meta":"","stick-header-meta":"","header-above-stick-meta":"","header-main-stick-meta":"","header-below-stick-meta":"","astra-migrate-meta-layouts":"default","ast-page-background-enabled":"default","ast-page-background-meta":{"desktop":{"background-color":"var(--ast-global-color-5)","background-image":"","background-repeat":"repeat","background-position":"center center","background-size":"auto","background-attachment":"scroll","background-type":"","background-media":"","overlay-type":"","overlay-color":"","overlay-opacity":"","overlay-gradient":""},"tablet":{"background-color":"","background-image":"","background-repeat":"repeat","background-position":"center center","background-size":"auto","background-attachment":"scroll","background-type":"","background-media":"","overlay-type":"","overlay-color":"","overlay-opacity":"","overlay-gradient":""},"mobile":{"background-color":"","background-image":"","background-repeat":"repeat","background-position":"center center","background-size":"auto","background-attachment":"scroll","background-type":"","background-media":"","overlay-type":"","overlay-color":"","overlay-opacity":"","overlay-gradient":""}},"ast-content-background-meta":{"desktop":{"background-color":"var(--ast-global-color-4)","background-image":"","background-repeat":"repeat","background-position":"center center","background-size":"auto","background-attachment":"scroll","background-type":"","background-media":"","overlay-type":"","overlay-color":"","overlay-opacity":"","overlay-gradient":""},"tablet":{"background-color":"var(--ast-global-color-4)","background-image":"","background-repeat":"repeat","background-position":"center center","background-size":"auto","background-attachment":"scroll","background-type":"","background-media":"","overlay-type":"","overlay-color":"","overlay-opacity":"","overlay-gradient":""},"mobile":{"background-color":"var(--ast-global-color-4)","background-image":"","background-repeat":"repeat","background-position":"center center","background-size":"auto","background-attachment":"scroll","background-type":"","background-media":"","overlay-type":"","overlay-color":"","overlay-opacity":"","overlay-gradient":""}},"footnotes":""},"class_list":["post-83","page","type-page","status-publish","hentry"],"_links":{"self":[{"href":"https:\/\/igomez.santcugatesn.com\/index.php?rest_route=\/wp\/v2\/pages\/83","targetHints":{"allow":["GET"]}}],"collection":[{"href":"https:\/\/igomez.santcugatesn.com\/index.php?rest_route=\/wp\/v2\/pages"}],"about":[{"href":"https:\/\/igomez.santcugatesn.com\/index.php?rest_route=\/wp\/v2\/types\/page"}],"author":[{"embeddable":true,"href":"https:\/\/igomez.santcugatesn.com\/index.php?rest_route=\/wp\/v2\/users\/1"}],"replies":[{"embeddable":true,"href":"https:\/\/igomez.santcugatesn.com\/index.php?rest_route=%2Fwp%2Fv2%2Fcomments&post=83"}],"version-history":[{"count":22,"href":"https:\/\/igomez.santcugatesn.com\/index.php?rest_route=\/wp\/v2\/pages\/83\/revisions"}],"predecessor-version":[{"id":164,"href":"https:\/\/igomez.santcugatesn.com\/index.php?rest_route=\/wp\/v2\/pages\/83\/revisions\/164"}],"wp:attachment":[{"href":"https:\/\/igomez.santcugatesn.com\/index.php?rest_route=%2Fwp%2Fv2%2Fmedia&parent=83"}],"curies":[{"name":"wp","href":"https:\/\/api.w.org\/{rel}","templated":true}]}}